{"id":4338,"date":"2021-05-25T19:04:44","date_gmt":"2021-05-25T19:04:44","guid":{"rendered":"https:\/\/truffleboutique.it\/cookie\/"},"modified":"2021-05-29T07:35:39","modified_gmt":"2021-05-29T07:35:39","slug":"cookie","status":"publish","type":"page","link":"https:\/\/truffleboutique.it\/en\/cookie\/","title":{"rendered":"Cookie"},"content":{"rendered":"\t\t<div data-elementor-type=\"wp-page\" data-elementor-id=\"4338\" class=\"elementor elementor-4338 elementor-4322\">\n\t\t\t\t\t\t<section class=\"elementor-section elementor-top-section elementor-element elementor-element-a9343b7 elementor-section-height-min-height elementor-section-boxed elementor-section-height-default elementor-section-items-middle\" data-id=\"a9343b7\" data-element_type=\"section\" data-settings=\"{&quot;background_background&quot;:&quot;classic&quot;}\">\n\t\t\t\t\t\t\t<div class=\"elementor-background-overlay\"><\/div>\n\t\t\t\t\t\t\t<div class=\"elementor-container elementor-column-gap-default\">\n\t\t\t\t\t<div class=\"elementor-column elementor-col-100 elementor-top-column elementor-element elementor-element-d353ca1\" data-id=\"d353ca1\" data-element_type=\"column\">\n\t\t\t<div class=\"elementor-widget-wrap elementor-element-populated\">\n\t\t\t\t\t\t<div class=\"elementor-element elementor-element-8d1d1bf elementor-widget elementor-widget-heading\" data-id=\"8d1d1bf\" data-element_type=\"widget\" data-widget_type=\"heading.default\">\n\t\t\t\t<div class=\"elementor-widget-container\">\n\t\t\t\t\t<h2 class=\"elementor-heading-title elementor-size-default\">Informativa estesa<br> all\u2019uso dei cookie<\/h2>\t\t\t\t<\/div>\n\t\t\t\t<\/div>\n\t\t\t\t\t<\/div>\n\t\t<\/div>\n\t\t\t\t\t<\/div>\n\t\t<\/section>\n\t\t\t\t<section class=\"elementor-section elementor-top-section elementor-element elementor-element-5a012a8d elementor-section-boxed elementor-section-height-default elementor-section-height-default\" data-id=\"5a012a8d\" data-element_type=\"section\">\n\t\t\t\t\t\t<div class=\"elementor-container elementor-column-gap-default\">\n\t\t\t\t\t<div class=\"elementor-column elementor-col-100 elementor-top-column elementor-element elementor-element-5ac4bab8\" data-id=\"5ac4bab8\" data-element_type=\"column\">\n\t\t\t<div class=\"elementor-widget-wrap elementor-element-populated\">\n\t\t\t\t\t\t<div class=\"elementor-element elementor-element-f7ba4e2 elementor-widget elementor-widget-spacer\" data-id=\"f7ba4e2\" data-element_type=\"widget\" data-widget_type=\"spacer.default\">\n\t\t\t\t<div class=\"elementor-widget-container\">\n\t\t\t\t\t\t\t<div class=\"elementor-spacer\">\n\t\t\t<div class=\"elementor-spacer-inner\"><\/div>\n\t\t<\/div>\n\t\t\t\t\t\t<\/div>\n\t\t\t\t<\/div>\n\t\t\t\t<div class=\"elementor-element elementor-element-5459ac61 elementor-widget elementor-widget-text-editor\" data-id=\"5459ac61\" data-element_type=\"widget\" data-widget_type=\"text-editor.default\">\n\t\t\t\t<div class=\"elementor-widget-container\">\n\t\t\t\t\t\t\t\t\t\n<p>La presente informativa descrive che cosa sono i cookie e i tipi di cookie utilizzati da Truffle Boutique nel proprio siti Web.<\/p>\n\n\n\n<h2>Che cosa sono i cookie?<\/h2>\n\n\n\n<p>Un&nbsp;<strong>cookie<\/strong>&nbsp;\u00e8 un file di testo che i siti Web inviano al computer o a un altro dispositivo connesso a Internet del visitatore per identificare univocamente il browser del visitatore stesso o per salvare informazioni o impostazioni nel browser.<\/p>\n\n\n\n<h2>Truffle Boutique utilizza i cookie nei propri siti Web?<\/h2>\n\n\n\n<p>S\u00ec. Truffle Boutique utilizza i cookie per migliorare i propri siti Web e per fornire servizi e funzionalit\u00e0 agli utenti. \u00c8 possibile limitare o disattivare l\u2019utilizzo dei cookie tramite il proprio browser Web. Tuttavia, in questo caso alcune funzionalit\u00e0 dei siti Web potrebbero diventare inaccessibili.<\/p>\n\n\n\n<h2>Quali tipi di cookie sono utilizzati nei siti Web di Truffle Boutique?<\/h2>\n\n\n\n<p><strong>Cookie strettamente necessari<\/strong><\/p>\n\n\n\n<p>Questi cookie sono essenziali per concludere una transazione o per finalizzare una richiesta inizializzata dall\u2019utente. Ad esempio, sono utili per ricordare le informazioni fornite dall\u2019utente durante la navigazione nel sito.<\/p>\n\n\n\n<p><strong>Cookie funzionali<\/strong><\/p>\n\n\n\n<p>Questi cookie consentono al sito Web di ricordare le scelte effettuate dall\u2019utente al fine di ottimizzare le funzionalit\u00e0. Ad esempio, i cookie funzionali consentono al sito Web di ricordare le impostazioni specifiche di un utente, come la selezione del paese e, se impostato, lo stato di accesso permanente.<\/p>\n\n\n\n<p><strong>Cookie analitici<\/strong><\/p>\n\n\n\n<p>Questi cookie consentono di raccogliere dati sull\u2019utilizzo del sito Web da parte dell\u2019utente, compresi gli elementi su cui si fa clic durante la navigazione, al fine di migliorare le prestazioni e il design del sito stesso. Potrebbero essere condivisi con i nostri fornitori di strumenti di analisi terzi. Tuttavia, sono utilizzati esclusivamente per le finalit\u00e0 correlate ai nostri siti Web.<\/p>\n\n\n\n<p><strong>Cookie di targeting<\/strong><\/p>\n\n\n\n<p>Questi cookie ricordano le informazioni sull\u2019utilizzo del sito Web da parte dell\u2019utente in modo da consentirci di fornire informazioni promozionali e altrimenti mirate sul sito stesso.<\/p>\n\n\n\n<h2>Come si disattivano o si rimuovono i cookie?<\/h2>\n\n\n\n<p>Ogni browser Web consente di limitare ed eliminare i cookie. Per maggiori informazioni sulla gestione dei cookie, consultare il link pertinente indicato di seguito.<\/p>\n\n\n\n<ul><li><a href=\"http:\/\/windows.microsoft.com\/en-GB\/windows7\/How-to-manage-cookies-in-Internet-Explorer-9\">Internet Explorer<\/a><\/li><li><a href=\"http:\/\/support.mozilla.org\/en-US\/kb\/cookies-information-websites-store-on-your-computer?redirectlocale=en-US&amp;redirectslug=Cookies\">Firefox<\/a><\/li><li><a href=\"http:\/\/support.google.com\/chrome\/bin\/answer.py?hl=en&amp;answer=95647\">Google Chrome<\/a><\/li><li><a href=\"http:\/\/support.apple.com\/kb\/PH5042\">Safari<\/a><\/li><\/ul>\n\t\t\t\t\t\t\t\t<\/div>\n\t\t\t\t<\/div>\n\t\t\t\t<div class=\"elementor-element elementor-element-73e0bc4 elementor-widget elementor-widget-spacer\" data-id=\"73e0bc4\" data-element_type=\"widget\" data-widget_type=\"spacer.default\">\n\t\t\t\t<div class=\"elementor-widget-container\">\n\t\t\t\t\t\t\t<div class=\"elementor-spacer\">\n\t\t\t<div class=\"elementor-spacer-inner\"><\/div>\n\t\t<\/div>\n\t\t\t\t\t\t<\/div>\n\t\t\t\t<\/div>\n\t\t\t\t\t<\/div>\n\t\t<\/div>\n\t\t\t\t\t<\/div>\n\t\t<\/section>\n\t\t\t\t<\/div>\n\t\t","protected":false},"excerpt":{"rendered":"<p>Informativa estesa all\u2019uso dei cookie La presente informativa descrive che cosa sono i cookie e i tipi di cookie utilizzati da Truffle Boutique nel proprio siti Web. Che cosa sono i cookie? Un&nbsp;cookie&nbsp;\u00e8 un file di testo che i siti Web inviano al computer o a un altro dispositivo connesso a Internet del visitatore per identificare univocamente il browser del &hellip;<\/p>\n","protected":false},"author":1,"featured_media":0,"parent":0,"menu_order":0,"comment_status":"closed","ping_status":"closed","template":"blank-builder.php","meta":{"footnotes":""},"class_list":["post-4338","page","type-page","status-publish","hentry"],"yoast_head":"<!-- This site is optimized with the Yoast SEO plugin v26.8 - https:\/\/yoast.com\/product\/yoast-seo-wordpress\/ -->\n<title>Cookie - Truffle Boutique<\/title>\n<meta name=\"description\" content=\"This disclosure describes what cookies are and the types of cookies used by Truffle Boutique on its websites.\" \/>\n<meta name=\"robots\" content=\"index, follow, max-snippet:-1, max-image-preview:large, max-video-preview:-1\" \/>\n<link rel=\"canonical\" href=\"https:\/\/truffleboutique.it\/en\/cookie\/\" \/>\n<meta property=\"og:locale\" content=\"en_US\" \/>\n<meta property=\"og:type\" content=\"article\" \/>\n<meta property=\"og:title\" content=\"Cookie - Truffle Boutique\" \/>\n<meta property=\"og:description\" content=\"This disclosure describes what cookies are and the types of cookies used by Truffle Boutique on its websites.\" \/>\n<meta property=\"og:url\" content=\"https:\/\/truffleboutique.it\/en\/cookie\/\" \/>\n<meta property=\"og:site_name\" content=\"Truffle Boutique\" \/>\n<meta property=\"article:modified_time\" content=\"2021-05-29T07:35:39+00:00\" \/>\n<meta name=\"twitter:card\" content=\"summary_large_image\" \/>\n<meta name=\"twitter:site\" content=\"@boutiquetruffle\" \/>\n<script type=\"application\/ld+json\" class=\"yoast-schema-graph\">{\"@context\":\"https:\/\/schema.org\",\"@graph\":[{\"@type\":\"WebPage\",\"@id\":\"https:\/\/truffleboutique.it\/en\/cookie\/\",\"url\":\"https:\/\/truffleboutique.it\/en\/cookie\/\",\"name\":\"Cookie - Truffle Boutique\",\"isPartOf\":{\"@id\":\"https:\/\/truffleboutique.it\/#website\"},\"datePublished\":\"2021-05-25T19:04:44+00:00\",\"dateModified\":\"2021-05-29T07:35:39+00:00\",\"description\":\"This disclosure describes what cookies are and the types of cookies used by Truffle Boutique on its websites.\",\"breadcrumb\":{\"@id\":\"https:\/\/truffleboutique.it\/en\/cookie\/#breadcrumb\"},\"inLanguage\":\"en-US\",\"potentialAction\":[{\"@type\":\"ReadAction\",\"target\":[\"https:\/\/truffleboutique.it\/en\/cookie\/\"]}]},{\"@type\":\"BreadcrumbList\",\"@id\":\"https:\/\/truffleboutique.it\/en\/cookie\/#breadcrumb\",\"itemListElement\":[{\"@type\":\"ListItem\",\"position\":1,\"name\":\"Home\",\"item\":\"https:\/\/truffleboutique.it\/en\/\"},{\"@type\":\"ListItem\",\"position\":2,\"name\":\"Cookie\"}]},{\"@type\":\"WebSite\",\"@id\":\"https:\/\/truffleboutique.it\/#website\",\"url\":\"https:\/\/truffleboutique.it\/\",\"name\":\"Truffle Boutique\",\"description\":\"Truffle Boutique\",\"publisher\":{\"@id\":\"https:\/\/truffleboutique.it\/#organization\"},\"potentialAction\":[{\"@type\":\"SearchAction\",\"target\":{\"@type\":\"EntryPoint\",\"urlTemplate\":\"https:\/\/truffleboutique.it\/?s={search_term_string}\"},\"query-input\":{\"@type\":\"PropertyValueSpecification\",\"valueRequired\":true,\"valueName\":\"search_term_string\"}}],\"inLanguage\":\"en-US\"},{\"@type\":\"Organization\",\"@id\":\"https:\/\/truffleboutique.it\/#organization\",\"name\":\"Truffle Boutique\",\"url\":\"https:\/\/truffleboutique.it\/\",\"logo\":{\"@type\":\"ImageObject\",\"inLanguage\":\"en-US\",\"@id\":\"https:\/\/truffleboutique.it\/#\/schema\/logo\/image\/\",\"url\":\"https:\/\/truffleboutique.it\/wp-content\/uploads\/2021\/03\/LOGO_truffleboutique-1.png\",\"contentUrl\":\"https:\/\/truffleboutique.it\/wp-content\/uploads\/2021\/03\/LOGO_truffleboutique-1.png\",\"width\":652,\"height\":312,\"caption\":\"Truffle Boutique\"},\"image\":{\"@id\":\"https:\/\/truffleboutique.it\/#\/schema\/logo\/image\/\"},\"sameAs\":[\"https:\/\/x.com\/boutiquetruffle\",\"https:\/\/www.instagram.com\/tb_truffleboutique\/\"]}]}<\/script>\n<!-- \/ Yoast SEO plugin. -->","yoast_head_json":{"title":"Cookie - Truffle Boutique","description":"This disclosure describes what cookies are and the types of cookies used by Truffle Boutique on its websites.","robots":{"index":"index","follow":"follow","max-snippet":"max-snippet:-1","max-image-preview":"max-image-preview:large","max-video-preview":"max-video-preview:-1"},"canonical":"https:\/\/truffleboutique.it\/en\/cookie\/","og_locale":"en_US","og_type":"article","og_title":"Cookie - Truffle Boutique","og_description":"This disclosure describes what cookies are and the types of cookies used by Truffle Boutique on its websites.","og_url":"https:\/\/truffleboutique.it\/en\/cookie\/","og_site_name":"Truffle Boutique","article_modified_time":"2021-05-29T07:35:39+00:00","twitter_card":"summary_large_image","twitter_site":"@boutiquetruffle","schema":{"@context":"https:\/\/schema.org","@graph":[{"@type":"WebPage","@id":"https:\/\/truffleboutique.it\/en\/cookie\/","url":"https:\/\/truffleboutique.it\/en\/cookie\/","name":"Cookie - Truffle Boutique","isPartOf":{"@id":"https:\/\/truffleboutique.it\/#website"},"datePublished":"2021-05-25T19:04:44+00:00","dateModified":"2021-05-29T07:35:39+00:00","description":"This disclosure describes what cookies are and the types of cookies used by Truffle Boutique on its websites.","breadcrumb":{"@id":"https:\/\/truffleboutique.it\/en\/cookie\/#breadcrumb"},"inLanguage":"en-US","potentialAction":[{"@type":"ReadAction","target":["https:\/\/truffleboutique.it\/en\/cookie\/"]}]},{"@type":"BreadcrumbList","@id":"https:\/\/truffleboutique.it\/en\/cookie\/#breadcrumb","itemListElement":[{"@type":"ListItem","position":1,"name":"Home","item":"https:\/\/truffleboutique.it\/en\/"},{"@type":"ListItem","position":2,"name":"Cookie"}]},{"@type":"WebSite","@id":"https:\/\/truffleboutique.it\/#website","url":"https:\/\/truffleboutique.it\/","name":"Truffle Boutique","description":"Truffle Boutique","publisher":{"@id":"https:\/\/truffleboutique.it\/#organization"},"potentialAction":[{"@type":"SearchAction","target":{"@type":"EntryPoint","urlTemplate":"https:\/\/truffleboutique.it\/?s={search_term_string}"},"query-input":{"@type":"PropertyValueSpecification","valueRequired":true,"valueName":"search_term_string"}}],"inLanguage":"en-US"},{"@type":"Organization","@id":"https:\/\/truffleboutique.it\/#organization","name":"Truffle Boutique","url":"https:\/\/truffleboutique.it\/","logo":{"@type":"ImageObject","inLanguage":"en-US","@id":"https:\/\/truffleboutique.it\/#\/schema\/logo\/image\/","url":"https:\/\/truffleboutique.it\/wp-content\/uploads\/2021\/03\/LOGO_truffleboutique-1.png","contentUrl":"https:\/\/truffleboutique.it\/wp-content\/uploads\/2021\/03\/LOGO_truffleboutique-1.png","width":652,"height":312,"caption":"Truffle Boutique"},"image":{"@id":"https:\/\/truffleboutique.it\/#\/schema\/logo\/image\/"},"sameAs":["https:\/\/x.com\/boutiquetruffle","https:\/\/www.instagram.com\/tb_truffleboutique\/"]}]}},"_links":{"self":[{"href":"https:\/\/truffleboutique.it\/en\/wp-json\/wp\/v2\/pages\/4338","targetHints":{"allow":["GET"]}}],"collection":[{"href":"https:\/\/truffleboutique.it\/en\/wp-json\/wp\/v2\/pages"}],"about":[{"href":"https:\/\/truffleboutique.it\/en\/wp-json\/wp\/v2\/types\/page"}],"author":[{"embeddable":true,"href":"https:\/\/truffleboutique.it\/en\/wp-json\/wp\/v2\/users\/1"}],"replies":[{"embeddable":true,"href":"https:\/\/truffleboutique.it\/en\/wp-json\/wp\/v2\/comments?post=4338"}],"version-history":[{"count":4,"href":"https:\/\/truffleboutique.it\/en\/wp-json\/wp\/v2\/pages\/4338\/revisions"}],"predecessor-version":[{"id":4510,"href":"https:\/\/truffleboutique.it\/en\/wp-json\/wp\/v2\/pages\/4338\/revisions\/4510"}],"wp:attachment":[{"href":"https:\/\/truffleboutique.it\/en\/wp-json\/wp\/v2\/media?parent=4338"}],"curies":[{"name":"wp","href":"https:\/\/api.w.org\/{rel}","templated":true}]}}